{"id":11734,"date":"2021-11-22T16:46:12","date_gmt":"2021-11-22T16:46:12","guid":{"rendered":"https:\/\/www.passwordsafe.com\/?page_id=11734"},"modified":"2022-10-09T18:45:10","modified_gmt":"2022-10-09T18:45:10","slug":"presse-cloudmagazin","status":"publish","type":"page","link":"https:\/\/www.passwordsafe.com\/de\/presse-cloudmagazin\/","title":{"rendered":"Cloudmagazin"},"content":{"rendered":"<p><div class=\"fusion-fullwidth fullwidth-box fusion-builder-row-1 fusion-flex-container nonhundred-percent-fullwidth non-hundred-percent-height-scrolling\" style=\"--awb-border-radius-top-left:0px;--awb-border-radius-top-right:0px;--awb-border-radius-bottom-right:0px;--awb-border-radius-bottom-left:0px;--awb-flex-wrap:wrap;\" ><div class=\"fusion-builder-row fusion-row fusion-flex-align-items-flex-start fusion-flex-content-wrap\" style=\"max-width:1664px;margin-left: calc(-4% \/ 2 );margin-right: calc(-4% \/ 2 );\"><div class=\"fusion-layout-column fusion_builder_column fusion-builder-column-0 fusion_builder_column_1_1 1_1 fusion-flex-column\" style=\"--awb-bg-size:cover;--awb-width-large:100%;--awb-margin-top-large:0px;--awb-spacing-right-large:1.92%;--awb-margin-bottom-large:0px;--awb-spacing-left-large:1.92%;--awb-width-medium:100%;--awb-spacing-right-medium:1.92%;--awb-spacing-left-medium:1.92%;--awb-width-small:100%;--awb-spacing-right-small:1.92%;--awb-spacing-left-small:1.92%;\"><div class=\"fusion-column-wrapper fusion-flex-justify-content-flex-start fusion-content-layout-column\"><div class=\"fusion-text fusion-text-1\" style=\"--awb-text-transform:none;\"><h1>Hosting von sensitiven Daten: Was Unternehmen beachten m\u00fcssen<\/h1> <p><strong>Ist die Speicherung der internen Daten f\u00fcr jedes Unternehmen in der Cloud die Zukunft? Die Antwort auf diese Frage ist nicht einfach mit \u201eJa\u201c zu beantworten. Einige Experten sind der Meinung, dass das Hosting von Firmendaten auf eigenen Servern bald ausgedient hat. Andere wiederum sind kritisch gegen\u00fcber der kompletten Auslagerung von Betriebsprozessen. Wie ist dieses Thema in Hinblick auf sicherheitsrelevante Fragen und Cyberattacken zu bewerten? Und welche Rolle spielen Passw\u00f6rter dabei?<\/strong><\/p> <h3>Grundverst\u00e4ndnis f\u00fcr fl\u00e4chendeckende IT-Sicherheit<\/h3> <p>Wer heute ein Unternehmen leitet, der ben\u00f6tigt neben vielen anderen F\u00e4higkeiten auch ein grundlegendes Verst\u00e4ndnis daf\u00fcr, was Cybersicherheit, Password oder Identity Access Management bedeuten. Ebenso sind Kenntnisse dar\u00fcber essentiell, wie man sein Unternehmen vor Hacker-Angriffen bestm\u00f6glich sch\u00fctzen kann. Dass dieses Thema immer wichtiger wird, belegen folgende Zahlen von Bitkom: J\u00e4hrlich entsteht der deutschen Wirtschaft durch Cyberattacken ein Gesamtschaden von 223 Milliarden Euro. Im Vergleich zum Jahr 2018 hat sich diese Zahl verdoppelt.<\/p> <h3>Cybersicherheit ganzheitlich denken<\/h3> <p>Der Schutz des eigenen Unternehmens gelingt nicht, wenn man lediglich verschiedene Ma\u00dfnahmen als alleinstehende Komponenten implementiert. Vielmehr m\u00fcssen Unternehmen eine ganzheitliche Abwehr kreieren, um eine Hackerattacke schon im Vorfeld abwehren zu k\u00f6nnen. Denn Hackerattacken sind nicht nur teuer, sondern k\u00f6nnen Unternehmen auch die eigene Reputation sowie das Kundenvertrauen kosten.<\/p> <h3>Zug\u00e4nge durch sichere Passw\u00f6rter sch\u00fctzen<\/h3> <p>Komplexe und einzigartige Passw\u00f6rter sind der erste Schritt, ein Unternehmen gegen Cyberangriffe abzusichern. Damit sich Mitarbeitende im Unternehmen nicht unz\u00e4hlige komplexe Passw\u00f6rter ausdenken und merken m\u00fcssen, haben auf IT-Security spezialisierte Unternehmen L\u00f6sungen wie Password Secure entwickelt. Dabei handelt es sich um einen Enterprise Password Manager, mit dem Mitarbeitende automatisch bei ihren Accounts und Websites angemeldet werden, sichere Passw\u00f6rter auf Knopfdruck generieren k\u00f6nnen und Passw\u00f6rter auch verdeckt im Team untereinander teilen k\u00f6nnen.<\/p> <h3>Mit Password Secure zu mehr Sicherheit<\/h3> <p>Der Password Manager Password Secure verf\u00fcgt \u00fcber verschiedene Funktionen, die die Zug\u00e4nge, Accounts und somit die gesamte Infrastruktur von Unternehmen sch\u00fctzen. Zugriffsrechte auf Passw\u00f6rter werden nach RBAC (Role-Based Access Control) rollenbasiert vergeben. Somit haben Mitarbeitende aus einem Team automatisch Zugriff auf die f\u00fcr ihre Arbeit erforderlichen Passw\u00f6rter \u2013\u00a0und nicht mehr. Verl\u00e4sst ein Mitarbeitender das Team oder Unternehmen, hat er automatisch keinen Zugriff auf diese Zugangsdaten mehr. F\u00fcr mehr Sicherheit am Login an Password Secure selbst k\u00f6nnen zus\u00e4tzlich oder anstelle des Master-Passworts weitere Faktoren f\u00fcr die Anmeldung hinterlegt werden. F\u00fcr sehr sch\u00fctzenswerte Accounts k\u00f6nnen Passw\u00f6rter zudem mit einem Sichtschutz ausgestattet werden, sodass Mitarbeitende diese verdeckt zum Login nutzen k\u00f6nnen, jedoch niemals im Klartext sehen.<\/p> <h3>Hosting von Passw\u00f6rtern \u2013 was es zu beachten gibt<\/h3> <p>Viele Password Manager am Markt speichern die Daten bei gro\u00dfen Cloud-Anbieter im In- oder Ausland. Wenn es allerdings zu einer Cyberattacke auf einen solchen Cloud-Anbieter kommt, sind pers\u00f6nliche Daten sowie betriebliche Geheimnisse schnell im Darknet zu finden. Ebenso besteht bei Cloud-Anbietern das Problem, dass nicht immer ersichtlich ist, wo Daten gehostet werden. Falls das in den USA ist, kann es in Hinblick auf das europ\u00e4ische Datenschutz-Gesetz problematisch werden.<\/p> <h3>Self-hosted, private Cloud oder hybride Cloud<\/h3> <p>Password Secure kann Self-hosted \u2013\u00a0entweder On-Premises, in der eigenen, einer \u00f6ffentlichen Cloud oder auch hybrid betrieben werden. Wenn die Daten nur im lokalen Rechenzentrum oder in der privaten Cloud gehostet werden, besteht der Vorteil f\u00fcr Unternehmen darin, dass sie die volle Datenkontrolle und -sicherheit haben. F\u00fcr gr\u00f6\u00dfere Unternehmen kann es sogar rechtlich verpflichtend sein, sensible Daten in eigenen Rechenzentren zu hosten.<\/p> <p>F\u00fcr manche Unternehmen macht es aus Compliance-Gr\u00fcnden Sinn, die Daten in einer hybriden Cloud zu speichern. Dieses Modell vereint die Vorteile Cloud Computing mit denen einer sicheren und lokalen IT-Infrastruktur vor Ort. So k\u00f6nnen Unternehmen selbst steuern, wo die Datenhoheit behalten werden soll. In diesem Fall k\u00f6nnen Kunden selbst-gehostete Software wie Password Secure mit der Hardware von externen Cloud-Anbietern f\u00fcr maximale Sicherheit kombinieren. Um den DSGVO-konformen Schutz der Daten zu gew\u00e4hrleisten, sollte dabei ein inl\u00e4ndischer Cloud-Anbieter ausgew\u00e4hlt werden.<\/p> <h3>IT-Sicherheit richtig angehen<\/h3> <p>Der Schutz der internen Daten ist essenziell. Effizientes Password Management kann als Grundpfeiler einer IT-Sicherheitsarchitektur f\u00fcr Unternehmen unabh\u00e4ngig von Gr\u00f6\u00dfe, Standort und Branche angesehen werden.<br \/> Bei der Einf\u00fchrung eines solchen Password Managers sollten Unternehmen genau \u00fcberlegen, wie sie ihre Daten hosten wollen. Mit Password Secure k\u00f6nnen Unternehmen die Datenhoheit durch Self-Hosting behalten \u2013\u00a0egal, ob sie die Daten On-Premises oder in der Cloud hosten. F\u00fcr mehr Informationen laden Sie sich hier das Whitepaper zu dem Thema herunter.<\/p> <\/div><div ><a class=\"fusion-button button-flat button-xlarge button-custom fusion-button-default button-1 fusion-button-default-span fusion-button-default-type button-large\" style=\"--button_accent_color:#ffffff;--button_accent_hover_color:#ffffff;--button_border_hover_color:#780404;--button_gradient_top_color:#dd1857;--button_gradient_bottom_color:#dd1857;--button_gradient_top_color_hover:#fd2067;--button_gradient_bottom_color_hover:#fd2067;\" target=\"_self\" href=\"https:\/\/www.cloudmagazin.com\/\"><span class=\"fusion-button-text awb-button__text awb-button__text--default\">Hier geht&#8217;s zum Original <\/span><\/a><\/div><\/div><\/div><\/div><\/div><div class=\"fusion-fullwidth fullwidth-box fusion-builder-row-2 fusion-flex-container nonhundred-percent-fullwidth non-hundred-percent-height-scrolling\" style=\"--awb-border-radius-top-left:0px;--awb-border-radius-top-right:0px;--awb-border-radius-bottom-right:0px;--awb-border-radius-bottom-left:0px;--awb-min-height:50px;--awb-flex-wrap:wrap;\" ><div class=\"fusion-builder-row fusion-row fusion-flex-align-items-flex-start fusion-flex-content-wrap\" style=\"max-width:1664px;margin-left: calc(-4% \/ 2 );margin-right: calc(-4% \/ 2 );\"><\/div><\/div><\/p>","protected":false},"excerpt":{"rendered":"","protected":false},"author":6,"featured_media":0,"parent":0,"menu_order":0,"comment_status":"closed","ping_status":"closed","template":"","meta":{"_acf_changed":false,"footnotes":""},"class_list":["post-11734","page","type-page","status-publish","hentry"],"acf":[],"yoast_head":"<!-- This site is optimized with the Yoast SEO plugin v27.5 - https:\/\/yoast.com\/product\/yoast-seo-wordpress\/ -->\n<title>Cloudmagazin &#8211; Password safe - Passwortverwaltung<\/title>\n<meta name=\"description\" content=\"Ist das Hosting sensibler Daten in der Cloud die Zukunft? Was Unternehmen beachten sollten und worum die Cloud kein Allheilmittel ist\" \/>\n<meta name=\"robots\" content=\"index, follow, max-snippet:-1, max-image-preview:large, max-video-preview:-1\" \/>\n<link rel=\"canonical\" href=\"https:\/\/www.passwordsafe.com\/de\/presse-cloudmagazin\/\" \/>\n<meta property=\"og:locale\" content=\"de_DE\" \/>\n<meta property=\"og:type\" content=\"article\" \/>\n<meta property=\"og:title\" content=\"Cloudmagazin &#8211; Password safe - Passwortverwaltung\" \/>\n<meta property=\"og:description\" content=\"Ist das Hosting sensibler Daten in der Cloud die Zukunft? Was Unternehmen beachten sollten und worum die Cloud kein Allheilmittel ist\" \/>\n<meta property=\"og:url\" content=\"https:\/\/www.passwordsafe.com\/de\/presse-cloudmagazin\/\" \/>\n<meta property=\"og:site_name\" content=\"Password safe - Passwortverwaltung\" \/>\n<meta property=\"article:publisher\" content=\"https:\/\/www.facebook.com\/passwordsafe\" \/>\n<meta property=\"article:modified_time\" content=\"2022-10-09T18:45:10+00:00\" \/>\n<meta name=\"twitter:card\" content=\"summary_large_image\" \/>\n<meta name=\"twitter:label1\" content=\"Gesch\u00e4tzte Lesezeit\" \/>\n\t<meta name=\"twitter:data1\" content=\"6\u00a0Minuten\" \/>\n<script type=\"application\/ld+json\" class=\"yoast-schema-graph\">{\"@context\":\"https:\\\/\\\/schema.org\",\"@graph\":[{\"@type\":\"WebPage\",\"@id\":\"https:\\\/\\\/www.passwordsafe.com\\\/de\\\/presse-cloudmagazin\\\/\",\"url\":\"https:\\\/\\\/www.passwordsafe.com\\\/de\\\/presse-cloudmagazin\\\/\",\"name\":\"Cloudmagazin &#8211; Password safe - Passwortverwaltung\",\"isPartOf\":{\"@id\":\"https:\\\/\\\/www.passwordsafe.com\\\/de\\\/#website\"},\"datePublished\":\"2021-11-22T16:46:12+00:00\",\"dateModified\":\"2022-10-09T18:45:10+00:00\",\"description\":\"Ist das Hosting sensibler Daten in der Cloud die Zukunft? Was Unternehmen beachten sollten und worum die Cloud kein Allheilmittel ist\",\"breadcrumb\":{\"@id\":\"https:\\\/\\\/www.passwordsafe.com\\\/de\\\/presse-cloudmagazin\\\/#breadcrumb\"},\"inLanguage\":\"de\",\"potentialAction\":[{\"@type\":\"ReadAction\",\"target\":[\"https:\\\/\\\/www.passwordsafe.com\\\/de\\\/presse-cloudmagazin\\\/\"]}]},{\"@type\":\"BreadcrumbList\",\"@id\":\"https:\\\/\\\/www.passwordsafe.com\\\/de\\\/presse-cloudmagazin\\\/#breadcrumb\",\"itemListElement\":[{\"@type\":\"ListItem\",\"position\":1,\"name\":\"Startseite\",\"item\":\"https:\\\/\\\/www.passwordsafe.com\\\/de\\\/\"},{\"@type\":\"ListItem\",\"position\":2,\"name\":\"Cloudmagazin\"}]},{\"@type\":\"WebSite\",\"@id\":\"https:\\\/\\\/www.passwordsafe.com\\\/de\\\/#website\",\"url\":\"https:\\\/\\\/www.passwordsafe.com\\\/de\\\/\",\"name\":\"Password safe - Passwortverwaltung\",\"description\":\"\",\"potentialAction\":[{\"@type\":\"SearchAction\",\"target\":{\"@type\":\"EntryPoint\",\"urlTemplate\":\"https:\\\/\\\/www.passwordsafe.com\\\/de\\\/?s={search_term_string}\"},\"query-input\":{\"@type\":\"PropertyValueSpecification\",\"valueRequired\":true,\"valueName\":\"search_term_string\"}}],\"inLanguage\":\"de\"}]}<\/script>\n<!-- \/ Yoast SEO plugin. -->","yoast_head_json":{"title":"Cloudmagazin &#8211; Password safe - Passwortverwaltung","description":"Ist das Hosting sensibler Daten in der Cloud die Zukunft? Was Unternehmen beachten sollten und worum die Cloud kein Allheilmittel ist","robots":{"index":"index","follow":"follow","max-snippet":"max-snippet:-1","max-image-preview":"max-image-preview:large","max-video-preview":"max-video-preview:-1"},"canonical":"https:\/\/www.passwordsafe.com\/de\/presse-cloudmagazin\/","og_locale":"de_DE","og_type":"article","og_title":"Cloudmagazin &#8211; Password safe - Passwortverwaltung","og_description":"Ist das Hosting sensibler Daten in der Cloud die Zukunft? Was Unternehmen beachten sollten und worum die Cloud kein Allheilmittel ist","og_url":"https:\/\/www.passwordsafe.com\/de\/presse-cloudmagazin\/","og_site_name":"Password safe - Passwortverwaltung","article_publisher":"https:\/\/www.facebook.com\/passwordsafe","article_modified_time":"2022-10-09T18:45:10+00:00","twitter_card":"summary_large_image","twitter_misc":{"Gesch\u00e4tzte Lesezeit":"6\u00a0Minuten"},"schema":{"@context":"https:\/\/schema.org","@graph":[{"@type":"WebPage","@id":"https:\/\/www.passwordsafe.com\/de\/presse-cloudmagazin\/","url":"https:\/\/www.passwordsafe.com\/de\/presse-cloudmagazin\/","name":"Cloudmagazin &#8211; Password safe - Passwortverwaltung","isPartOf":{"@id":"https:\/\/www.passwordsafe.com\/de\/#website"},"datePublished":"2021-11-22T16:46:12+00:00","dateModified":"2022-10-09T18:45:10+00:00","description":"Ist das Hosting sensibler Daten in der Cloud die Zukunft? Was Unternehmen beachten sollten und worum die Cloud kein Allheilmittel ist","breadcrumb":{"@id":"https:\/\/www.passwordsafe.com\/de\/presse-cloudmagazin\/#breadcrumb"},"inLanguage":"de","potentialAction":[{"@type":"ReadAction","target":["https:\/\/www.passwordsafe.com\/de\/presse-cloudmagazin\/"]}]},{"@type":"BreadcrumbList","@id":"https:\/\/www.passwordsafe.com\/de\/presse-cloudmagazin\/#breadcrumb","itemListElement":[{"@type":"ListItem","position":1,"name":"Startseite","item":"https:\/\/www.passwordsafe.com\/de\/"},{"@type":"ListItem","position":2,"name":"Cloudmagazin"}]},{"@type":"WebSite","@id":"https:\/\/www.passwordsafe.com\/de\/#website","url":"https:\/\/www.passwordsafe.com\/de\/","name":"Password safe - Passwortverwaltung","description":"","potentialAction":[{"@type":"SearchAction","target":{"@type":"EntryPoint","urlTemplate":"https:\/\/www.passwordsafe.com\/de\/?s={search_term_string}"},"query-input":{"@type":"PropertyValueSpecification","valueRequired":true,"valueName":"search_term_string"}}],"inLanguage":"de"}]}},"_links":{"self":[{"href":"https:\/\/www.passwordsafe.com\/de\/wp-json\/wp\/v2\/pages\/11734","targetHints":{"allow":["GET"]}}],"collection":[{"href":"https:\/\/www.passwordsafe.com\/de\/wp-json\/wp\/v2\/pages"}],"about":[{"href":"https:\/\/www.passwordsafe.com\/de\/wp-json\/wp\/v2\/types\/page"}],"author":[{"embeddable":true,"href":"https:\/\/www.passwordsafe.com\/de\/wp-json\/wp\/v2\/users\/6"}],"replies":[{"embeddable":true,"href":"https:\/\/www.passwordsafe.com\/de\/wp-json\/wp\/v2\/comments?post=11734"}],"version-history":[{"count":0,"href":"https:\/\/www.passwordsafe.com\/de\/wp-json\/wp\/v2\/pages\/11734\/revisions"}],"wp:attachment":[{"href":"https:\/\/www.passwordsafe.com\/de\/wp-json\/wp\/v2\/media?parent=11734"}],"curies":[{"name":"wp","href":"https:\/\/api.w.org\/{rel}","templated":true}]}}